{"id":340,"date":"2024-04-28T20:47:03","date_gmt":"2024-04-28T18:47:03","guid":{"rendered":"http:\/\/10.0.0.250\/Si_Si\/?page_id=340"},"modified":"2026-01-22T16:53:43","modified_gmt":"2026-01-22T15:53:43","slug":"gartenkunst","status":"publish","type":"page","link":"https:\/\/si-si.at\/index.php\/gartenkunst\/","title":{"rendered":"Gartenkunst"},"content":{"rendered":"<p class=\"attachment\"><a href='https:\/\/si-si.at\/wp-content\/uploads\/2025\/03\/20240715_110520_D300_2.png'><img fetchpriority=\"high\" decoding=\"async\" width=\"300\" height=\"199\" src=\"https:\/\/si-si.at\/wp-content\/uploads\/2025\/03\/20240715_110520_D300_2-300x199.png\" class=\"attachment-medium size-medium\" alt=\"\" srcset=\"https:\/\/si-si.at\/wp-content\/uploads\/2025\/03\/20240715_110520_D300_2-300x199.png 300w, https:\/\/si-si.at\/wp-content\/uploads\/2025\/03\/20240715_110520_D300_2-1024x680.png 1024w, https:\/\/si-si.at\/wp-content\/uploads\/2025\/03\/20240715_110520_D300_2-768x510.png 768w, https:\/\/si-si.at\/wp-content\/uploads\/2025\/03\/20240715_110520_D300_2-1536x1020.png 1536w, https:\/\/si-si.at\/wp-content\/uploads\/2025\/03\/20240715_110520_D300_2-2048x1360.png 2048w\" sizes=\"(max-width: 300px) 100vw, 300px\" \/><\/a><\/p>\n\t\t<div data-elementor-type=\"wp-page\" data-elementor-id=\"340\" class=\"elementor elementor-340\">\n\t\t\t\t<div class=\"elementor-element elementor-element-bd957f6 e-flex e-con-boxed wpr-particle-no wpr-jarallax-no wpr-parallax-no wpr-sticky-section-no wpr-equal-height-no e-con e-parent\" data-id=\"bd957f6\" data-element_type=\"container\" data-e-type=\"container\" data-settings=\"{&quot;background_background&quot;:&quot;classic&quot;}\">\n\t\t\t\t\t<div class=\"e-con-inner\">\n\t\t\t\t<div class=\"elementor-element elementor-element-48d2857 elementor-widget elementor-widget-heading\" data-id=\"48d2857\" data-element_type=\"widget\" data-e-type=\"widget\" data-widget_type=\"heading.default\">\n\t\t\t\t<div class=\"elementor-widget-container\">\n\t\t\t\t\t<h2 class=\"elementor-heading-title elementor-size-default\">Garten Kunst<\/h2>\t\t\t\t<\/div>\n\t\t\t\t<\/div>\n\t\t\t\t<div class=\"elementor-element elementor-element-94c8055 elementor-widget__width-initial elementor-widget elementor-widget-text-editor\" data-id=\"94c8055\" data-element_type=\"widget\" data-e-type=\"widget\" data-widget_type=\"text-editor.default\">\n\t\t\t\t<div class=\"elementor-widget-container\">\n\t\t\t\t\t\t\t\t\t<p><strong>Ein Rendezvous mit der Verg\u00e4nglichkeit<\/strong><\/p><p>F\u00fcr die Bildhauerin Sissy Sichart endet die Kunst nicht am Sockel einer Statue. In den\u00a0<strong data-complete=\"true\" data-processed=\"true\">H\u00e4ngenden G\u00e4rten der Sulamith<\/strong>\u00a0arbeitet sie mit der lebendigsten aller Materien: der Natur selbst.<\/p><p>Es ist ein Spiel mit der Verg\u00e4nglichkeit und der st\u00e4ndigen Neu-Entfaltung. Wer den Garten besucht, tritt direkt in ihr Atelier ein \u2013 einen Ort, der niemals stillsteht. Denn: Nichts Lebendiges bleibt unver\u00e4nderlich.<\/p><p>Ein Besuch in diesen G\u00e4rten ist weit mehr als ein Spaziergang \u2013 es ist ein Blick in ein \u201elebendiges Atelier\u201c, das sich im Zyklus der Jahreszeiten st\u00e4ndig neu erschafft. Wo im Fr\u00fchjahr zarte Neu-Entfaltung dominiert, feiert der Sommer opulente F\u00fclle, um im Herbst in w\u00fcrdevolle Verg\u00e4nglichkeit \u00fcberzugehen.<\/p><p>\u201eDer Garten ist mein erweitertes Wohnzimmer und gleichzeitig meine gro\u00dfe Sandkiste, in der ich spielen darf.\u201c \u2013 Mit diesen Worten l\u00e4dt die K\u00fcnstlerin Sissy Sichart in ihr wohl gr\u00f6\u00dftes Werk ein: Die h\u00e4ngenden G\u00e4rten der Sulamith.<\/p><p><span style=\"font-size: 16px;\">N\u00e4here Infos dazu finden sie auf <\/span><a style=\"font-size: 16px; background-color: #ffffff;\" href=\"https:\/\/www.sulamith.at\/\" target=\"_blank\" rel=\"noopener\">www.sulamith.at<\/a><\/p><p>Einige Augenblicke der Sch\u00f6nheit\u00a0<\/p>\t\t\t\t\t\t\t\t<\/div>\n\t\t\t\t<\/div>\n\t\t\t\t<div class=\"elementor-element elementor-element-a9ecef4 wpr-grid-columns-3 wpr-grid-columns--tablet2 wpr-grid-columns--mobile1 wpr-grid-pagination-center elementor-widget elementor-widget-wpr-media-grid\" data-id=\"a9ecef4\" data-element_type=\"widget\" data-e-type=\"widget\" data-widget_type=\"wpr-media-grid.default\">\n\t\t\t\t<div class=\"elementor-widget-container\">\n\t\t\t\t\t<section class=\"wpr-grid wpr-media-grid elementor-clearfix\" data-settings=\"{&quot;layout&quot;:&quot;masonry&quot;,&quot;columns_desktop&quot;:&quot;3&quot;,&quot;gutter_hr&quot;:10,&quot;gutter_hr_mobile&quot;:10,&quot;gutter_hr_mobile_extra&quot;:10,&quot;gutter_hr_tablet&quot;:10,&quot;gutter_hr_tablet_extra&quot;:10,&quot;gutter_hr_laptop&quot;:10,&quot;gutter_hr_widescreen&quot;:10,&quot;gutter_vr&quot;:10,&quot;gutter_vr_mobile&quot;:10,&quot;gutter_vr_mobile_extra&quot;:10,&quot;gutter_vr_tablet&quot;:10,&quot;gutter_vr_tablet_extra&quot;:10,&quot;gutter_vr_laptop&quot;:10,&quot;gutter_vr_widescreen&quot;:10,&quot;animation&quot;:&quot;default&quot;,&quot;animation_duration&quot;:0.3,&quot;animation_delay&quot;:0.1,&quot;deeplinking&quot;:&quot;&quot;,&quot;filters_default_filter&quot;:&quot;&quot;,&quot;filters_linkable&quot;:&quot;no&quot;,&quot;filters_count&quot;:&quot;&quot;,&quot;filters_hide_empty&quot;:&quot;no&quot;,&quot;filters_animation&quot;:&quot;default&quot;,&quot;filters_animation_duration&quot;:0.3,&quot;filters_animation_delay&quot;:0.1,&quot;pagination_type&quot;:&quot;load-more&quot;,&quot;pagination_max_pages&quot;:1,&quot;lightbox&quot;:{&quot;selector&quot;:&quot;.wpr-grid-image-wrap&quot;,&quot;iframeMaxWidth&quot;:&quot;60%&quot;,&quot;hash&quot;:false,&quot;autoplay&quot;:&quot;&quot;,&quot;pause&quot;:5000,&quot;progressBar&quot;:&quot;true&quot;,&quot;counter&quot;:&quot;true&quot;,&quot;controls&quot;:&quot;true&quot;,&quot;getCaptionFromTitleOrAlt&quot;:&quot;true&quot;,&quot;thumbnail&quot;:&quot;&quot;,&quot;showThumbByDefault&quot;:&quot;&quot;,&quot;share&quot;:&quot;&quot;,&quot;zoom&quot;:&quot;true&quot;,&quot;fullScreen&quot;:&quot;true&quot;,&quot;download&quot;:&quot;&quot;}}\"><article class=\"wpr-grid-item elementor-clearfix post-454 attachment type-attachment status-inherit hentry\"><div class=\"wpr-grid-item-inner\"><div class=\"wpr-grid-media-wrap wpr-effect-size-small \"><div class=\"wpr-grid-image-wrap\" data-src=\"https:\/\/si-si.at\/wp-content\/uploads\/2024\/04\/20190610_063547_D300.webp\"><img decoding=\"async\" src=\"https:\/\/si-si.at\/wp-content\/uploads\/2024\/04\/20190610_063547_D300.webp\" alt=\"20190610_063547_D300\" class=\"wpr-anim-timing-ease-default\"><\/div><div class=\"wpr-grid-media-hover wpr-animation-wrap\"><div class=\"wpr-grid-media-hover-bg  wpr-overlay-fade-in wpr-anim-size-large wpr-anim-timing-ease-default wpr-anim-transparency\" data-url=\"https:\/\/si-si.at\/20190610_063547_d300\/\"><\/div><div class=\"wpr-cv-container\"><div class=\"wpr-cv-outer\"><div class=\"wpr-cv-inner\"><div class=\"wpr-grid-media-hover-middle elementor-clearfix\"><div class=\"wpr-grid-item-lightbox elementor-repeater-item-39adc20 wpr-grid-item-display-block wpr-grid-item-align-center wpr-element-fade-in wpr-anim-size-large wpr-anim-timing-ease-default wpr-anim-transparency\"><div class=\"inner-block\"><span data-src=\"https:\/\/si-si.at\/wp-content\/uploads\/2024\/04\/20190610_063547_D300.webp\"><i class=\"fas fa-search\"><\/i><\/span><div class=\"wpr-grid-lightbox-overlay\"><\/div><\/div><\/div><\/div><\/div><\/div><\/div><\/div><\/div><\/div><\/article><article class=\"wpr-grid-item elementor-clearfix post-453 attachment type-attachment status-inherit hentry\"><div class=\"wpr-grid-item-inner\"><div class=\"wpr-grid-media-wrap wpr-effect-size-small \"><div class=\"wpr-grid-image-wrap\" data-src=\"https:\/\/si-si.at\/wp-content\/uploads\/2024\/04\/5.webp\"><img decoding=\"async\" src=\"https:\/\/si-si.at\/wp-content\/uploads\/2024\/04\/5.webp\" alt=\"5\" class=\"wpr-anim-timing-ease-default\"><\/div><div class=\"wpr-grid-media-hover wpr-animation-wrap\"><div class=\"wpr-grid-media-hover-bg  wpr-overlay-fade-in wpr-anim-size-large wpr-anim-timing-ease-default wpr-anim-transparency\" data-url=\"https:\/\/si-si.at\/5\/\"><\/div><div class=\"wpr-cv-container\"><div class=\"wpr-cv-outer\"><div class=\"wpr-cv-inner\"><div class=\"wpr-grid-media-hover-middle elementor-clearfix\"><div class=\"wpr-grid-item-lightbox elementor-repeater-item-39adc20 wpr-grid-item-display-block wpr-grid-item-align-center wpr-element-fade-in wpr-anim-size-large wpr-anim-timing-ease-default wpr-anim-transparency\"><div class=\"inner-block\"><span data-src=\"https:\/\/si-si.at\/wp-content\/uploads\/2024\/04\/5.webp\"><i class=\"fas fa-search\"><\/i><\/span><div class=\"wpr-grid-lightbox-overlay\"><\/div><\/div><\/div><\/div><\/div><\/div><\/div><\/div><\/div><\/div><\/article><article class=\"wpr-grid-item elementor-clearfix post-451 attachment type-attachment status-inherit hentry\"><div class=\"wpr-grid-item-inner\"><div class=\"wpr-grid-media-wrap wpr-effect-size-small \"><div class=\"wpr-grid-image-wrap\" data-src=\"https:\/\/si-si.at\/wp-content\/uploads\/2024\/04\/20210711_042908_D300.webp\"><img decoding=\"async\" src=\"https:\/\/si-si.at\/wp-content\/uploads\/2024\/04\/20210711_042908_D300.webp\" alt=\"20210711_042908_D300\" class=\"wpr-anim-timing-ease-default\"><\/div><div class=\"wpr-grid-media-hover wpr-animation-wrap\"><div class=\"wpr-grid-media-hover-bg  wpr-overlay-fade-in wpr-anim-size-large wpr-anim-timing-ease-default wpr-anim-transparency\" data-url=\"https:\/\/si-si.at\/20210711_042908_d300\/\"><\/div><div class=\"wpr-cv-container\"><div class=\"wpr-cv-outer\"><div class=\"wpr-cv-inner\"><div class=\"wpr-grid-media-hover-middle elementor-clearfix\"><div class=\"wpr-grid-item-lightbox elementor-repeater-item-39adc20 wpr-grid-item-display-block wpr-grid-item-align-center wpr-element-fade-in wpr-anim-size-large wpr-anim-timing-ease-default wpr-anim-transparency\"><div class=\"inner-block\"><span data-src=\"https:\/\/si-si.at\/wp-content\/uploads\/2024\/04\/20210711_042908_D300.webp\"><i class=\"fas fa-search\"><\/i><\/span><div class=\"wpr-grid-lightbox-overlay\"><\/div><\/div><\/div><\/div><\/div><\/div><\/div><\/div><\/div><\/div><\/article><article class=\"wpr-grid-item elementor-clearfix post-450 attachment type-attachment status-inherit hentry\"><div class=\"wpr-grid-item-inner\"><div class=\"wpr-grid-media-wrap wpr-effect-size-small \"><div class=\"wpr-grid-image-wrap\" data-src=\"https:\/\/si-si.at\/wp-content\/uploads\/2024\/04\/20200712_050349_P340.webp\"><img decoding=\"async\" src=\"https:\/\/si-si.at\/wp-content\/uploads\/2024\/04\/20200712_050349_P340.webp\" alt=\"20200712_050349_P340\" class=\"wpr-anim-timing-ease-default\"><\/div><div class=\"wpr-grid-media-hover wpr-animation-wrap\"><div class=\"wpr-grid-media-hover-bg  wpr-overlay-fade-in wpr-anim-size-large wpr-anim-timing-ease-default wpr-anim-transparency\" data-url=\"https:\/\/si-si.at\/20200712_050349_p340\/\"><\/div><div class=\"wpr-cv-container\"><div class=\"wpr-cv-outer\"><div class=\"wpr-cv-inner\"><div class=\"wpr-grid-media-hover-middle elementor-clearfix\"><div class=\"wpr-grid-item-lightbox elementor-repeater-item-39adc20 wpr-grid-item-display-block wpr-grid-item-align-center wpr-element-fade-in wpr-anim-size-large wpr-anim-timing-ease-default wpr-anim-transparency\"><div class=\"inner-block\"><span data-src=\"https:\/\/si-si.at\/wp-content\/uploads\/2024\/04\/20200712_050349_P340.webp\"><i class=\"fas fa-search\"><\/i><\/span><div class=\"wpr-grid-lightbox-overlay\"><\/div><\/div><\/div><\/div><\/div><\/div><\/div><\/div><\/div><\/div><\/article><article class=\"wpr-grid-item elementor-clearfix post-449 attachment type-attachment status-inherit hentry\"><div class=\"wpr-grid-item-inner\"><div class=\"wpr-grid-media-wrap wpr-effect-size-small \"><div class=\"wpr-grid-image-wrap\" data-src=\"https:\/\/si-si.at\/wp-content\/uploads\/2024\/04\/20191016_091521_P340.webp\"><img decoding=\"async\" src=\"https:\/\/si-si.at\/wp-content\/uploads\/2024\/04\/20191016_091521_P340.webp\" alt=\"20191016_091521_P340\" class=\"wpr-anim-timing-ease-default\"><\/div><div class=\"wpr-grid-media-hover wpr-animation-wrap\"><div class=\"wpr-grid-media-hover-bg  wpr-overlay-fade-in wpr-anim-size-large wpr-anim-timing-ease-default wpr-anim-transparency\" data-url=\"https:\/\/si-si.at\/20191016_091521_p340\/\"><\/div><div class=\"wpr-cv-container\"><div class=\"wpr-cv-outer\"><div class=\"wpr-cv-inner\"><div class=\"wpr-grid-media-hover-middle elementor-clearfix\"><div class=\"wpr-grid-item-lightbox elementor-repeater-item-39adc20 wpr-grid-item-display-block wpr-grid-item-align-center wpr-element-fade-in wpr-anim-size-large wpr-anim-timing-ease-default wpr-anim-transparency\"><div class=\"inner-block\"><span data-src=\"https:\/\/si-si.at\/wp-content\/uploads\/2024\/04\/20191016_091521_P340.webp\"><i class=\"fas fa-search\"><\/i><\/span><div class=\"wpr-grid-lightbox-overlay\"><\/div><\/div><\/div><\/div><\/div><\/div><\/div><\/div><\/div><\/div><\/article><article class=\"wpr-grid-item elementor-clearfix post-448 attachment type-attachment status-inherit hentry\"><div class=\"wpr-grid-item-inner\"><div class=\"wpr-grid-media-wrap wpr-effect-size-small \"><div class=\"wpr-grid-image-wrap\" data-src=\"https:\/\/si-si.at\/wp-content\/uploads\/2024\/04\/20190701_155527_P340.webp\"><img decoding=\"async\" src=\"https:\/\/si-si.at\/wp-content\/uploads\/2024\/04\/20190701_155527_P340.webp\" alt=\"20190701_155527_P340\" class=\"wpr-anim-timing-ease-default\"><\/div><div class=\"wpr-grid-media-hover wpr-animation-wrap\"><div class=\"wpr-grid-media-hover-bg  wpr-overlay-fade-in wpr-anim-size-large wpr-anim-timing-ease-default wpr-anim-transparency\" data-url=\"https:\/\/si-si.at\/20190701_155527_p340\/\"><\/div><div class=\"wpr-cv-container\"><div class=\"wpr-cv-outer\"><div class=\"wpr-cv-inner\"><div class=\"wpr-grid-media-hover-middle elementor-clearfix\"><div class=\"wpr-grid-item-lightbox elementor-repeater-item-39adc20 wpr-grid-item-display-block wpr-grid-item-align-center wpr-element-fade-in wpr-anim-size-large wpr-anim-timing-ease-default wpr-anim-transparency\"><div class=\"inner-block\"><span data-src=\"https:\/\/si-si.at\/wp-content\/uploads\/2024\/04\/20190701_155527_P340.webp\"><i class=\"fas fa-search\"><\/i><\/span><div class=\"wpr-grid-lightbox-overlay\"><\/div><\/div><\/div><\/div><\/div><\/div><\/div><\/div><\/div><\/div><\/article><article class=\"wpr-grid-item elementor-clearfix post-731 attachment type-attachment status-inherit hentry\"><div class=\"wpr-grid-item-inner\"><div class=\"wpr-grid-media-wrap wpr-effect-size-small \"><div class=\"wpr-grid-image-wrap\" data-src=\"https:\/\/si-si.at\/wp-content\/uploads\/2025\/03\/20240715_103930_D300-scaled.jpg\"><img decoding=\"async\" src=\"https:\/\/si-si.at\/wp-content\/uploads\/2025\/03\/20240715_103930_D300-scaled.jpg\" alt=\"20240715_103930_D300\" class=\"wpr-anim-timing-ease-default\"><\/div><div class=\"wpr-grid-media-hover wpr-animation-wrap\"><div class=\"wpr-grid-media-hover-bg  wpr-overlay-fade-in wpr-anim-size-large wpr-anim-timing-ease-default wpr-anim-transparency\" data-url=\"https:\/\/si-si.at\/20240715_103930_d300\/\"><\/div><div class=\"wpr-cv-container\"><div class=\"wpr-cv-outer\"><div class=\"wpr-cv-inner\"><div class=\"wpr-grid-media-hover-middle elementor-clearfix\"><div class=\"wpr-grid-item-lightbox elementor-repeater-item-39adc20 wpr-grid-item-display-block wpr-grid-item-align-center wpr-element-fade-in wpr-anim-size-large wpr-anim-timing-ease-default wpr-anim-transparency\"><div class=\"inner-block\"><span data-src=\"https:\/\/si-si.at\/wp-content\/uploads\/2025\/03\/20240715_103930_D300-scaled.jpg\"><i class=\"fas fa-search\"><\/i><\/span><div class=\"wpr-grid-lightbox-overlay\"><\/div><\/div><\/div><\/div><\/div><\/div><\/div><\/div><\/div><\/div><\/article><article class=\"wpr-grid-item elementor-clearfix post-447 attachment type-attachment status-inherit hentry\"><div class=\"wpr-grid-item-inner\"><div class=\"wpr-grid-media-wrap wpr-effect-size-small \"><div class=\"wpr-grid-image-wrap\" data-src=\"https:\/\/si-si.at\/wp-content\/uploads\/2024\/04\/20190618_174753_P340.webp\"><img decoding=\"async\" src=\"https:\/\/si-si.at\/wp-content\/uploads\/2024\/04\/20190618_174753_P340.webp\" alt=\"20190618_174753_P340\" class=\"wpr-anim-timing-ease-default\"><\/div><div class=\"wpr-grid-media-hover wpr-animation-wrap\"><div class=\"wpr-grid-media-hover-bg  wpr-overlay-fade-in wpr-anim-size-large wpr-anim-timing-ease-default wpr-anim-transparency\" data-url=\"https:\/\/si-si.at\/20190618_174753_p340\/\"><\/div><div class=\"wpr-cv-container\"><div class=\"wpr-cv-outer\"><div class=\"wpr-cv-inner\"><div class=\"wpr-grid-media-hover-middle elementor-clearfix\"><div class=\"wpr-grid-item-lightbox elementor-repeater-item-39adc20 wpr-grid-item-display-block wpr-grid-item-align-center wpr-element-fade-in wpr-anim-size-large wpr-anim-timing-ease-default wpr-anim-transparency\"><div class=\"inner-block\"><span data-src=\"https:\/\/si-si.at\/wp-content\/uploads\/2024\/04\/20190618_174753_P340.webp\"><i class=\"fas fa-search\"><\/i><\/span><div class=\"wpr-grid-lightbox-overlay\"><\/div><\/div><\/div><\/div><\/div><\/div><\/div><\/div><\/div><\/div><\/article><article class=\"wpr-grid-item elementor-clearfix post-730 attachment type-attachment status-inherit hentry\"><div class=\"wpr-grid-item-inner\"><div class=\"wpr-grid-media-wrap wpr-effect-size-small \"><div class=\"wpr-grid-image-wrap\" data-src=\"https:\/\/si-si.at\/wp-content\/uploads\/2025\/03\/20240715_110520_D300_2.png\"><img decoding=\"async\" src=\"https:\/\/si-si.at\/wp-content\/uploads\/2025\/03\/20240715_110520_D300_2.png\" alt=\"20240715_110520_D300_2\" class=\"wpr-anim-timing-ease-default\"><\/div><div class=\"wpr-grid-media-hover wpr-animation-wrap\"><div class=\"wpr-grid-media-hover-bg  wpr-overlay-fade-in wpr-anim-size-large wpr-anim-timing-ease-default wpr-anim-transparency\" data-url=\"https:\/\/si-si.at\/20240715_110520_d300_2\/\"><\/div><div class=\"wpr-cv-container\"><div class=\"wpr-cv-outer\"><div class=\"wpr-cv-inner\"><div class=\"wpr-grid-media-hover-middle elementor-clearfix\"><div class=\"wpr-grid-item-lightbox elementor-repeater-item-39adc20 wpr-grid-item-display-block wpr-grid-item-align-center wpr-element-fade-in wpr-anim-size-large wpr-anim-timing-ease-default wpr-anim-transparency\"><div class=\"inner-block\"><span data-src=\"https:\/\/si-si.at\/wp-content\/uploads\/2025\/03\/20240715_110520_D300_2.png\"><i class=\"fas fa-search\"><\/i><\/span><div class=\"wpr-grid-lightbox-overlay\"><\/div><\/div><\/div><\/div><\/div><\/div><\/div><\/div><\/div><\/div><\/article><\/section>\t\t\t\t<\/div>\n\t\t\t\t<\/div>\n\t\t\t\t\t<\/div>\n\t\t\t\t<\/div>\n\t\t\t\t<\/div>\n\t\t","protected":false},"excerpt":{"rendered":"<p>Garten Kunst Ein Rendezvous mit der Verg\u00e4nglichkeit F\u00fcr die Bildhauerin Sissy Sichart endet die Kunst nicht am Sockel einer Statue. In den\u00a0H\u00e4ngenden G\u00e4rten der Sulamith\u00a0arbeitet sie mit der lebendigsten aller Materien: der Natur selbst. Es ist ein Spiel mit der Verg\u00e4nglichkeit und der st\u00e4ndigen Neu-Entfaltung. Wer den Garten besucht, tritt direkt in ihr Atelier ein \u2013 einen Ort, der niemals stillsteht. Denn: Nichts Lebendiges bleibt unver\u00e4nderlich. Ein Besuch in diesen G\u00e4rten ist weit mehr als ein Spaziergang \u2013 es ist ein Blick in ein \u201elebendiges Atelier\u201c, das sich im Zyklus der Jahreszeiten st\u00e4ndig neu erschafft. Wo im Fr\u00fchjahr zarte Neu-Entfaltung dominiert, feiert der Sommer opulente F\u00fclle, um im Herbst in w\u00fcrdevolle Verg\u00e4nglichkeit \u00fcberzugehen. \u201eDer Garten ist mein erweitertes Wohnzimmer und gleichzeitig meine gro\u00dfe Sandkiste, in der ich spielen darf.\u201c \u2013 Mit diesen Worten l\u00e4dt die K\u00fcnstlerin Sissy Sichart in ihr wohl gr\u00f6\u00dftes Werk ein: Die h\u00e4ngenden G\u00e4rten der Sulamith. N\u00e4here Infos dazu finden sie auf www.sulamith.at Einige Augenblicke der Sch\u00f6nheit\u00a0<\/p>\n","protected":false},"author":1,"featured_media":0,"parent":0,"menu_order":0,"comment_status":"closed","ping_status":"closed","template":"","meta":{"site-sidebar-layout":"no-sidebar","site-content-layout":"","ast-site-content-layout":"full-width-container","site-content-style":"default","site-sidebar-style":"default","ast-global-header-display":"","ast-banner-title-visibility":"","ast-main-header-display":"","ast-hfb-above-header-display":"","ast-hfb-below-header-display":"","ast-hfb-mobile-header-display":"","site-post-title":"disabled","ast-breadcrumbs-content":"","ast-featured-img":"disabled","footer-sml-layout":"","ast-disable-related-posts":"","theme-transparent-header-meta":"","adv-header-id-meta":"","stick-header-meta":"","header-above-stick-meta":"","header-main-stick-meta":"","header-below-stick-meta":"","astra-migrate-meta-layouts":"default","ast-page-background-enabled":"default","ast-page-background-meta":{"desktop":{"background-color":"var(--ast-global-color-4)","background-image":"","background-repeat":"repeat","background-position":"center center","background-size":"auto","background-attachment":"scroll","background-type":"","background-media":"","overlay-type":"","overlay-color":"","overlay-opacity":"","overlay-gradient":""},"tablet":{"background-color":"","background-image":"","background-repeat":"repeat","background-position":"center center","background-size":"auto","background-attachment":"scroll","background-type":"","background-media":"","overlay-type":"","overlay-color":"","overlay-opacity":"","overlay-gradient":""},"mobile":{"background-color":"","background-image":"","background-repeat":"repeat","background-position":"center center","background-size":"auto","background-attachment":"scroll","background-type":"","background-media":"","overlay-type":"","overlay-color":"","overlay-opacity":"","overlay-gradient":""}},"ast-content-background-meta":{"desktop":{"background-color":"var(--ast-global-color-5)","background-image":"","background-repeat":"repeat","background-position":"center center","background-size":"auto","background-attachment":"scroll","background-type":"","background-media":"","overlay-type":"","overlay-color":"","overlay-opacity":"","overlay-gradient":""},"tablet":{"background-color":"var(--ast-global-color-5)","background-image":"","background-repeat":"repeat","background-position":"center center","background-size":"auto","background-attachment":"scroll","background-type":"","background-media":"","overlay-type":"","overlay-color":"","overlay-opacity":"","overlay-gradient":""},"mobile":{"background-color":"var(--ast-global-color-5)","background-image":"","background-repeat":"repeat","background-position":"center center","background-size":"auto","background-attachment":"scroll","background-type":"","background-media":"","overlay-type":"","overlay-color":"","overlay-opacity":"","overlay-gradient":""}},"footnotes":""},"class_list":["post-340","page","type-page","status-publish","hentry"],"_links":{"self":[{"href":"https:\/\/si-si.at\/index.php\/wp-json\/wp\/v2\/pages\/340","targetHints":{"allow":["GET"]}}],"collection":[{"href":"https:\/\/si-si.at\/index.php\/wp-json\/wp\/v2\/pages"}],"about":[{"href":"https:\/\/si-si.at\/index.php\/wp-json\/wp\/v2\/types\/page"}],"author":[{"embeddable":true,"href":"https:\/\/si-si.at\/index.php\/wp-json\/wp\/v2\/users\/1"}],"replies":[{"embeddable":true,"href":"https:\/\/si-si.at\/index.php\/wp-json\/wp\/v2\/comments?post=340"}],"version-history":[{"count":49,"href":"https:\/\/si-si.at\/index.php\/wp-json\/wp\/v2\/pages\/340\/revisions"}],"predecessor-version":[{"id":885,"href":"https:\/\/si-si.at\/index.php\/wp-json\/wp\/v2\/pages\/340\/revisions\/885"}],"wp:attachment":[{"href":"https:\/\/si-si.at\/index.php\/wp-json\/wp\/v2\/media?parent=340"}],"curies":[{"name":"wp","href":"https:\/\/api.w.org\/{rel}","templated":true}]}}